{"id":95435,"date":"2024-05-05T20:32:04","date_gmt":"2024-05-05T18:32:04","guid":{"rendered":"https:\/\/psychologiazsensem.pl\/?page_id=95435"},"modified":"2024-05-30T11:09:24","modified_gmt":"2024-05-30T09:09:24","slug":"o-mnie","status":"publish","type":"page","link":"http:\/\/psychologiazsensem.pl\/?page_id=95435","title":{"rendered":"O mnie"},"content":{"rendered":"\t\t<div data-elementor-type=\"wp-page\" data-elementor-id=\"95435\" class=\"elementor elementor-95435\" data-elementor-post-type=\"page\">\n\t\t\t\t<div class=\"elementor-element elementor-element-a822f9b e-flex e-con-boxed e-con e-parent\" data-id=\"a822f9b\" data-element_type=\"container\" data-e-type=\"container\">\n\t\t\t\t\t<div class=\"e-con-inner\">\n\t\t\t\t<div class=\"elementor-element elementor-element-fe9db68 elementor-widget elementor-widget-heading\" data-id=\"fe9db68\" data-element_type=\"widget\" data-e-type=\"widget\" data-widget_type=\"heading.default\">\n\t\t\t\t<div class=\"elementor-widget-container\">\n\t\t\t\t\t<h2 class=\"elementor-heading-title elementor-size-default\">O mnie<\/h2>\t\t\t\t<\/div>\n\t\t\t\t<\/div>\n\t\t\t\t\t<\/div>\n\t\t\t\t<\/div>\n\t\t<div class=\"elementor-element elementor-element-5574c58 e-flex e-con-boxed e-con e-parent\" data-id=\"5574c58\" data-element_type=\"container\" data-e-type=\"container\">\n\t\t\t\t\t<div class=\"e-con-inner\">\n\t\t\t\t<div class=\"elementor-element elementor-element-e7bbc22 elementor-widget elementor-widget-image\" data-id=\"e7bbc22\" data-element_type=\"widget\" data-e-type=\"widget\" data-widget_type=\"image.default\">\n\t\t\t\t<div class=\"elementor-widget-container\">\n\t\t\t\t\t\t\t\t\t\t\t\t\t\t\t<img fetchpriority=\"high\" decoding=\"async\" width=\"464\" height=\"380\" src=\"https:\/\/psychologiazsensem.pl\/wp-content\/uploads\/2024\/05\/Group-104-1.webp\" class=\"attachment-large size-large wp-image-95827\" alt=\"\" srcset=\"https:\/\/psychologiazsensem.pl\/wp-content\/uploads\/2024\/05\/Group-104-1.webp 464w, https:\/\/psychologiazsensem.pl\/wp-content\/uploads\/2024\/05\/Group-104-1-300x246.webp 300w\" sizes=\"(max-width: 464px) 100vw, 464px\" \/>\t\t\t\t\t\t\t\t\t\t\t\t\t\t\t<\/div>\n\t\t\t\t<\/div>\n\t\t\t\t\t<\/div>\n\t\t\t\t<\/div>\n\t\t<div class=\"elementor-element elementor-element-99f2a8e e-flex e-con-boxed e-con e-parent\" data-id=\"99f2a8e\" data-element_type=\"container\" data-e-type=\"container\" data-settings=\"{&quot;background_background&quot;:&quot;classic&quot;}\">\n\t\t\t\t\t<div class=\"e-con-inner\">\n\t\t<div class=\"elementor-element elementor-element-c7dff89 e-con-full e-flex e-con e-child\" data-id=\"c7dff89\" data-element_type=\"container\" data-e-type=\"container\">\n\t\t\t\t<div class=\"elementor-element elementor-element-d110311 elementor-widget__width-initial elementor-widget-mobile__width-initial elementor-widget elementor-widget-text-editor\" data-id=\"d110311\" data-element_type=\"widget\" data-e-type=\"widget\" data-widget_type=\"text-editor.default\">\n\t\t\t\t<div class=\"elementor-widget-container\">\n\t\t\t\t\t\t\t\t\t<p><span style=\"text-align: var(--text-align); background-color: var( --e-global-color-3bc6169 ); color: var(--the7-base-color); letter-spacing: var(--the7-base-letter-spacing); text-transform: var(--the7-base-text-transform); word-spacing: normal;\"><b>Jestem psycholo\u017ck\u0105 oraz terapeutk\u0105 w trakcie certyfikacji, pracuj\u0119 w nurcie Terapii Skoncentrowanej na Rozwi\u0105zaniach, w kt\u00f3rym prowadz\u0119 terapi\u0119 kr\u00f3tko i d\u0142ugoterminow\u0105 doros\u0142ych i m\u0142odzie\u017cy (od 16 r.\u017c.) oraz terapi\u0119 par i ma\u0142\u017ce\u0144stw.<\/b><\/span><\/p><p><span style=\"text-align: var(--text-align); background-color: var( --e-global-color-3bc6169 ); letter-spacing: var(--the7-base-letter-spacing); text-transform: var(--the7-base-text-transform); word-spacing: normal;\">Moje do\u015bwiadczenie dotyczy przede wszystkim terapii os\u00f3b, kt\u00f3re s\u0105 w kryzysie psychicznym, do\u015bwiadczaj\u0105 zaburze\u0144 emocjonalnych, trudno\u015bci w kontaktach z lud\u017ami i odnajdywaniu si\u0119 w sytuacji zmian (\u017cyciowych i zawodowych), zaburze\u0144 nastroju i depresji, l\u0119k\u00f3w, nadu\u017cycia i traumy.\u00a0\u00a0<br \/><\/span><span style=\"color: var( --e-global-color-953c3cf ); font-family: var( --e-global-typography-el_content_1-font-family ), Sans-serif; font-size: var( --e-global-typography-el_content_1-font-size ); letter-spacing: var( --e-global-typography-el_content_1-letter-spacing ); text-transform: var( --e-global-typography-el_content_1-text-transform ); word-spacing: var( --e-global-typography-el_content_1-word-spacing ); text-align: var(--text-align); background-color: var( --e-global-color-3bc6169 );\"><br \/>Pracuj\u0119 te\u017c z osobami, kt\u00f3re s\u0105 w okresie <\/span><span style=\"color: var( --e-global-color-953c3cf ); font-family: var( --e-global-typography-el_content_1-font-family ), Sans-serif; font-size: var( --e-global-typography-el_content_1-font-size ); letter-spacing: var( --e-global-typography-el_content_1-letter-spacing ); text-transform: var( --e-global-typography-el_content_1-text-transform ); word-spacing: var( --e-global-typography-el_content_1-word-spacing ); text-align: var(--text-align); background-color: var( --e-global-color-3bc6169 );\">zmian \u017cyciowych: zar\u00f3wno tych zwi\u0105zanych z now\u0105 rol\u0105 (na przyk\u0142ad rodzicielsk\u0105) jak i zwi\u0105zanych z utrat\u0105 bliskiej osoby, \u017ca\u0142ob\u0105 czy opuszczeniem.<br \/><\/span><span style=\"color: var( --e-global-color-953c3cf ); font-family: var( --e-global-typography-el_content_1-font-family ), Sans-serif; font-size: var( --e-global-typography-el_content_1-font-size ); letter-spacing: var( --e-global-typography-el_content_1-letter-spacing ); text-transform: var( --e-global-typography-el_content_1-text-transform ); word-spacing: var( --e-global-typography-el_content_1-word-spacing ); text-align: var(--text-align); background-color: var( --e-global-color-3bc6169 );\">Prowadz\u0119 r\u00f3wnie\u017c terapi\u0119 par, przy czym para, to dla mnie dwie osoby, kt\u00f3re s\u0105 w zwi\u0105zku niezale\u017cnie od ich to\u017csamo\u015bci p\u0142ciowej,\u00a0 kt\u00f3re czuj\u0105 potrzeb\u0119 pomocy w budowaniu, odbudowaniu lub poprawie relacji.<\/span><span style=\"color: var( --e-global-color-953c3cf ); font-family: var( --e-global-typography-el_content_1-font-family ), Sans-serif; font-size: var( --e-global-typography-el_content_1-font-size ); letter-spacing: var( --e-global-typography-el_content_1-letter-spacing ); text-transform: var( --e-global-typography-el_content_1-text-transform ); word-spacing: var( --e-global-typography-el_content_1-word-spacing ); text-align: var(--text-align); background-color: var( --e-global-color-3bc6169 );\"><br \/><\/span><\/p><p><span style=\"color: var( --e-global-color-953c3cf ); font-family: var( --e-global-typography-el_content_1-font-family ), Sans-serif; font-size: var( --e-global-typography-el_content_1-font-size ); letter-spacing: var( --e-global-typography-el_content_1-letter-spacing ); text-transform: var( --e-global-typography-el_content_1-text-transform ); word-spacing: var( --e-global-typography-el_content_1-word-spacing ); text-align: var(--text-align); background-color: var( --e-global-color-3bc6169 );\">Od ponad 15 lat jestem zwi\u0105zana ze \u015bwiatem biznesu, a szczeg\u00f3ln\u0105 przyjemno\u015b\u0107 w tym zakresie sprawia mi praca z osobami, kt\u00f3re wkraczaj\u0105 na \u015bcie\u017ck\u0119 managersk\u0105 i zastanawiaj\u0105 si\u0119: jak by\u0107 szefem i budowa\u0107 swoje umiej\u0119tno\u015bci w tym zakresie? Szeroko poj\u0119te \u015brodowisko pracy i otoczenie biznesowe jest tym, w czym czuj\u0119 si\u0119 bardzo dobrze.<\/span><span style=\"color: var( --e-global-color-953c3cf ); font-family: var( --e-global-typography-el_content_1-font-family ), Sans-serif; font-size: var( --e-global-typography-el_content_1-font-size ); letter-spacing: var( --e-global-typography-el_content_1-letter-spacing ); text-transform: var( --e-global-typography-el_content_1-text-transform ); word-spacing: var( --e-global-typography-el_content_1-word-spacing ); text-align: var(--text-align); background-color: var( --e-global-color-3bc6169 );\"><br \/><\/span><\/p><p>W swojej pracy korzystam te\u017c z do\u015bwiadczenia, kt\u00f3re zdoby\u0142am wsp\u00f3\u0142pracuj\u0105c z Google, gdzie przez 2 lata by\u0142am facylitatorem metody Design Thinking, kt\u00f3r\u0105 z przyjemno\u015bci\u0105 stosuj\u0119 w swojej codziennej pracy z managerami, ale r\u00f3wnie\u017c z klientami indywidualnymi. Widz\u0119 wiele podobie\u0144st w podej\u015bciu TSR i DT, w wielu aspektach s\u0105 sp\u00f3jne i ch\u0119tnie korzystam z dobrodziejstw obu podje\u015b\u0107.<span style=\"color: var( --e-global-color-953c3cf ); font-family: var( --e-global-typography-el_content_1-font-family ), Sans-serif; font-size: var( --e-global-typography-el_content_1-font-size ); letter-spacing: var( --e-global-typography-el_content_1-letter-spacing ); text-transform: var( --e-global-typography-el_content_1-text-transform ); word-spacing: var( --e-global-typography-el_content_1-word-spacing ); text-align: var(--text-align); background-color: var( --e-global-color-3bc6169 );\"><br \/><\/span><\/p><p>\u00a0<\/p>\t\t\t\t\t\t\t\t<\/div>\n\t\t\t\t<\/div>\n\t\t\t\t<\/div>\n\t\t<div class=\"elementor-element elementor-element-3143bc4 e-flex e-con-boxed e-con e-child\" data-id=\"3143bc4\" data-element_type=\"container\" data-e-type=\"container\">\n\t\t\t\t\t<div class=\"e-con-inner\">\n\t\t\t\t<div class=\"elementor-element elementor-element-6b9be71 elementor-widget__width-initial elementor-widget-mobile__width-initial elementor-widget elementor-widget-text-editor\" data-id=\"6b9be71\" data-element_type=\"widget\" data-e-type=\"widget\" data-widget_type=\"text-editor.default\">\n\t\t\t\t<div class=\"elementor-widget-container\">\n\t\t\t\t\t\t\t\t\t<p><b style=\"text-align: var(--text-align); color: var(--the7-base-color); letter-spacing: var(--the7-base-letter-spacing); text-transform: var(--the7-base-text-transform); word-spacing: normal; background-color: var( --e-global-color-3bc6169 );\">Wykszta\u0142cenie<\/b><\/p><p><span style=\"text-align: var(--text-align); background-color: var( --e-global-color-3bc6169 ); color: var(--the7-base-color); letter-spacing: var(--the7-base-letter-spacing); text-transform: var(--the7-base-text-transform); word-spacing: normal;\">Jestem psycholo\u017ck\u0105, tytu\u0142 magistry zdoby\u0142am na Uniwersytecie \u0141\u00f3dzkim w 2006 roku (nr dyplomu 12766), natomiast pracy z nurcie TSR uczy\u0142am si\u0119 przede wszystkim w Integrii TSR, gdzie odby\u0142am kurs I i II stopnia\u00a0 oraz Labolatorium Edukacji i Terapii Skoncentorwanej na Rozwi\u0105zaniach.<br \/><\/span><span style=\"text-align: var(--text-align); background-color: var( --e-global-color-3bc6169 ); color: var(--the7-base-color); letter-spacing: var(--the7-base-letter-spacing); text-transform: var(--the7-base-text-transform); word-spacing: normal;\"><br \/>Jestem w trakcie procesu certyfikacji.<br \/><\/span><span style=\"text-align: var(--text-align); background-color: var( --e-global-color-3bc6169 ); color: var(--the7-base-color); letter-spacing: var(--the7-base-letter-spacing); text-transform: var(--the7-base-text-transform); word-spacing: normal;\"><br \/>Moj\u0105 prac\u0119 poddaj\u0119 regularnej superwizji i pracuje zgodnie z Kodeksem etyki psychologa.<br \/><\/span><span style=\"text-align: var(--text-align); background-color: var( --e-global-color-3bc6169 ); color: var(--the7-base-color); letter-spacing: var(--the7-base-letter-spacing); text-transform: var(--the7-base-text-transform); word-spacing: normal;\"><br \/>Poza tym uko\u0144czy\u0142am <\/span><span style=\"text-align: var(--text-align); background-color: var( --e-global-color-3bc6169 ); color: var(--the7-base-color); letter-spacing: var(--the7-base-letter-spacing); text-transform: var(--the7-base-text-transform); word-spacing: normal;\">studia podyplomowe na kierunku Coaching i zarz\u0105dzanie zasobami ludzkimi na Uczelni Techniczno-Handlowej im. Heleny Chodkowskiej studia podyplomowe na kierunku Coaching i zarz\u0105dzanie zasobami ludzkimi oraz mini MBA w Centrum Rozwoju Biznesu Wydzia\u0142u Zarz\u0105dzania Uniwersytetu \u0141\u00f3dzkiego.<\/span><\/p><p><b style=\"text-align: var(--text-align); background-color: var( --e-global-color-3bc6169 ); color: var(--the7-base-color); letter-spacing: var(--the7-base-letter-spacing); text-transform: var(--the7-base-text-transform); word-spacing: normal;\">Cz\u0142onkostwa<\/b><\/p><p><span style=\"text-align: var(--text-align); background-color: var( --e-global-color-3bc6169 ); color: var(--the7-base-color); letter-spacing: var(--the7-base-letter-spacing); text-transform: var(--the7-base-text-transform); word-spacing: normal;\">Jestem cz\u0142onkini\u0105 Polskiego Towarzystwa Psychologicznego oraz <\/span><span style=\"text-align: var(--text-align); background-color: var( --e-global-color-3bc6169 ); color: var(--the7-base-color); letter-spacing: var(--the7-base-letter-spacing); text-transform: var(--the7-base-text-transform); word-spacing: normal;\">Polskiego Stowarzyszenia Terapeut\u00f3w Terapii Skoncentrowanej na Rozwi\u0105zaniach.<\/span><span style=\"text-align: var(--text-align); background-color: var( --e-global-color-3bc6169 ); color: var(--the7-base-color); letter-spacing: var(--the7-base-letter-spacing); text-transform: var(--the7-base-text-transform); word-spacing: normal;\"><br \/><\/span><\/p>\t\t\t\t\t\t\t\t<\/div>\n\t\t\t\t<\/div>\n\t\t\t\t<div class=\"elementor-element elementor-element-aff944e elementor-align-justify elementor-widget__width-initial elementor-widget elementor-widget-the7_button_widget\" data-id=\"aff944e\" data-element_type=\"widget\" data-e-type=\"widget\" data-widget_type=\"the7_button_widget.default\">\n\t\t\t\t<div class=\"elementor-widget-container\">\n\t\t\t\t\t<div class=\"elementor-button-wrapper\"><a href=\"https:\/\/calendly.com\/anna-stepkowska\/tsr_spotkanie-online-50-minut?month=2024-03\" class=\"box-button elementor-button elementor-size-lg\">Um\u00f3w wizyt\u0119 online<\/a><\/div>\t\t\t\t<\/div>\n\t\t\t\t<\/div>\n\t\t\t\t\t<\/div>\n\t\t\t\t<\/div>\n\t\t\t\t\t<\/div>\n\t\t\t\t<\/div>\n\t\t\t\t<\/div>\n\t\t","protected":false},"excerpt":{"rendered":"<p>O mnie Jestem psycholo\u017ck\u0105 oraz terapeutk\u0105 w trakcie certyfikacji, pracuj\u0119 w nurcie Terapii Skoncentrowanej na Rozwi\u0105zaniach, w kt\u00f3rym prowadz\u0119 terapi\u0119 kr\u00f3tko i d\u0142ugoterminow\u0105 doros\u0142ych i m\u0142odzie\u017cy (od 16 r.\u017c.) oraz terapi\u0119 par i ma\u0142\u017ce\u0144stw. Moje do\u015bwiadczenie dotyczy przede wszystkim terapii os\u00f3b, kt\u00f3re s\u0105 w kryzysie psychicznym, do\u015bwiadczaj\u0105 zaburze\u0144 emocjonalnych, trudno\u015bci w kontaktach z lud\u017ami i&hellip;<\/p>\n","protected":false},"author":1,"featured_media":0,"parent":1160,"menu_order":0,"comment_status":"closed","ping_status":"closed","template":"elementor_header_footer","meta":{"footnotes":""},"class_list":["post-95435","page","type-page","status-publish","hentry"],"_links":{"self":[{"href":"http:\/\/psychologiazsensem.pl\/index.php?rest_route=\/wp\/v2\/pages\/95435","targetHints":{"allow":["GET"]}}],"collection":[{"href":"http:\/\/psychologiazsensem.pl\/index.php?rest_route=\/wp\/v2\/pages"}],"about":[{"href":"http:\/\/psychologiazsensem.pl\/index.php?rest_route=\/wp\/v2\/types\/page"}],"author":[{"embeddable":true,"href":"http:\/\/psychologiazsensem.pl\/index.php?rest_route=\/wp\/v2\/users\/1"}],"replies":[{"embeddable":true,"href":"http:\/\/psychologiazsensem.pl\/index.php?rest_route=%2Fwp%2Fv2%2Fcomments&post=95435"}],"version-history":[{"count":112,"href":"http:\/\/psychologiazsensem.pl\/index.php?rest_route=\/wp\/v2\/pages\/95435\/revisions"}],"predecessor-version":[{"id":95889,"href":"http:\/\/psychologiazsensem.pl\/index.php?rest_route=\/wp\/v2\/pages\/95435\/revisions\/95889"}],"up":[{"embeddable":true,"href":"http:\/\/psychologiazsensem.pl\/index.php?rest_route=\/wp\/v2\/pages\/1160"}],"wp:attachment":[{"href":"http:\/\/psychologiazsensem.pl\/index.php?rest_route=%2Fwp%2Fv2%2Fmedia&parent=95435"}],"curies":[{"name":"wp","href":"https:\/\/api.w.org\/{rel}","templated":true}]}}