{"id":95488,"date":"2024-05-05T22:43:53","date_gmt":"2024-05-05T20:43:53","guid":{"rendered":"https:\/\/psychologiazsensem.pl\/?page_id=95488"},"modified":"2024-05-30T11:07:46","modified_gmt":"2024-05-30T09:07:46","slug":"faq","status":"publish","type":"page","link":"http:\/\/psychologiazsensem.pl\/?page_id=95488","title":{"rendered":"Pytania"},"content":{"rendered":"\t\t<div data-elementor-type=\"wp-page\" data-elementor-id=\"95488\" class=\"elementor elementor-95488\" data-elementor-post-type=\"page\">\n\t\t\t\t<div class=\"elementor-element elementor-element-00c9da1 e-flex e-con-boxed e-con e-parent\" data-id=\"00c9da1\" data-element_type=\"container\" data-e-type=\"container\">\n\t\t\t\t\t<div class=\"e-con-inner\">\n\t\t\t\t<div class=\"elementor-element elementor-element-e1945e6 elementor-widget elementor-widget-heading\" data-id=\"e1945e6\" data-element_type=\"widget\" data-e-type=\"widget\" data-widget_type=\"heading.default\">\n\t\t\t\t<div class=\"elementor-widget-container\">\n\t\t\t\t\t<h2 class=\"elementor-heading-title elementor-size-default\">Pytania<\/h2>\t\t\t\t<\/div>\n\t\t\t\t<\/div>\n\t\t\t\t\t<\/div>\n\t\t\t\t<\/div>\n\t\t<div class=\"elementor-element elementor-element-3467b49 e-flex e-con-boxed e-con e-parent\" data-id=\"3467b49\" data-element_type=\"container\" data-e-type=\"container\" data-settings=\"{&quot;background_background&quot;:&quot;classic&quot;}\">\n\t\t\t\t\t<div class=\"e-con-inner\">\n\t\t<div class=\"elementor-element elementor-element-429783c e-flex e-con-boxed e-con e-child\" data-id=\"429783c\" data-element_type=\"container\" data-e-type=\"container\">\n\t\t\t\t\t<div class=\"e-con-inner\">\n\t\t\t\t<div class=\"elementor-element elementor-element-09827b4 elementor-widget__width-initial elementor-widget elementor-widget-text-editor\" data-id=\"09827b4\" data-element_type=\"widget\" data-e-type=\"widget\" data-widget_type=\"text-editor.default\">\n\t\t\t\t<div class=\"elementor-widget-container\">\n\t\t\t\t\t\t\t\t\t<ul class=\"ul1\"><li class=\"li1\"><b>Czym jest nurt TSR? <\/b><br \/><span style=\"text-align: var(--text-align); background-color: var( --e-global-color-3bc6169 ); color: var(--the7-base-color); letter-spacing: var(--the7-base-letter-spacing); text-transform: var(--the7-base-text-transform); word-spacing: normal;\"><br \/>Nurt TSR (Terapia Skoncentrowana na Rozwi\u0105zaniach) powsta\u0142 w latach 70 w USA. Jego tw\u00f3rcami byli Steve de Shazer i Insoo Kim Berg. Jest to jedno z niewielu podej\u015b\u0107 w psychoterapii, kt\u00f3re powstawa\u0142o <br \/>na bazie praktyki, a nie w oparciu o wcze\u015bniej stworzone teorie.\u00a0<br \/><\/span>To, co w moim poczuciu najbardziej odr\u00f3\u017cnia TSR od innych podej\u015b\u0107 terapeutycznych to mniejsze skupienie na poszukiwaniu przyczyn problemu, a zdecydowanie wi\u0119ksze na poszukiwaniu rozwi\u0105zania.<\/li><\/ul><p class=\"p1\">\u00a0<\/p><ul class=\"ul1\"><li class=\"li1\"><b>Dlaczego u\u017cywam okre\u015blenia Klienta, a nie Pacjent<\/b><br \/><br \/>Zauwa\u017cy\u0142a\u015b\/zauwa\u017cy\u0142es pewnie, \u017ce u\u017cywam s\u0142owa Klient\/Klientka, <br \/>a nie Pacjent\/Pacjentka. Bli\u017csze mi jest okre\u015blenie Klient, poniewa\u017c Pacjent mo\u017ce kojarzy\u0107 si\u0119 z osob\u0105 chor\u0105, ja natomiast przyjmuj\u0119 za\u0142o\u017cenie \u017ce moi klienci zmagaj\u0105 si\u0119 z problemem lub trudno\u015bciami, mog\u0105 ale nie musz\u0105 mie\u0107 zdiagnozowan\u0105 jak\u0105\u015b jednostk\u0119 chorobow\u0105.<\/li><\/ul>\t\t\t\t\t\t\t\t<\/div>\n\t\t\t\t<\/div>\n\t\t\t\t\t<\/div>\n\t\t\t\t<\/div>\n\t\t<div class=\"elementor-element elementor-element-28ec95c e-flex e-con-boxed e-con e-child\" data-id=\"28ec95c\" data-element_type=\"container\" data-e-type=\"container\">\n\t\t\t\t\t<div class=\"e-con-inner\">\n\t\t\t\t<div class=\"elementor-element elementor-element-ab89369 elementor-widget__width-initial elementor-widget elementor-widget-text-editor\" data-id=\"ab89369\" data-element_type=\"widget\" data-e-type=\"widget\" data-widget_type=\"text-editor.default\">\n\t\t\t\t<div class=\"elementor-widget-container\">\n\t\t\t\t\t\t\t\t\t<ul><li aria-level=\"1\"><b>Jak wygl\u0105da pierwsza konsultacja?<\/b><p><br \/>Pierwsza wizyta mo\u017ce rodzi\u0107 ciekawo\u015b\u0107, niepok\u00f3j czy stres &#8211; ka\u017cde z tych zjawisk jest zupe\u0142nie naturalne. A jak wygl\u0105da pierwsza wizyta u mnie?<\/p><p>W czasie pierwszego spotkania chcia\u0142abym pozna\u0107 ciebie i dowiedzie\u0107 si\u0119 jak\u0105 zmian\u0119 chcesz wprowadzi\u0107 w swoim \u017cyciu i jak chcesz aby ono wygl\u0105da\u0142o, gdy problem czy trudno\u015b\u0107, z kt\u00f3rym si\u0119 borykasz b\u0119dzie mniejszy i b\u0119dzie ci \u0142atwiej z nim funkcjonowa\u0107.<\/p><p>Dlatego b\u0119d\u0119 ci zadawa\u0107 pytania o tzw. po\u017c\u0105dan\u0105 przysz\u0142o\u015b\u0107.<\/p><p>W czasie tego spotkania ustalimy r\u00f3wnie\u017c w jaki spos\u00f3b chcesz aby si\u0119 do ciebie zwraca\u0107, z jak\u0105 cz\u0119stotliwo\u015bci\u0105 chcesz si\u0119 spotyka\u0107, jakie tematy chcesz omawia\u0107 a jakich nie i jakie s\u0105 twoje oczekiwania wobec ca\u0142ego procesu.\u00a0<\/p><p>\u00a0<\/p><\/li><li aria-level=\"1\"><p><span style=\"color: var(--the7-base-color); letter-spacing: var(--the7-base-letter-spacing); text-align: var(--text-align); text-transform: var(--the7-base-text-transform); word-spacing: normal;\"><b>Na ile spotka\u0144 powinna\u015b\/powiniene\u015b si\u0119 przygotowa\u0107?<\/b><br \/><span style=\"text-align: var(--text-align); background-color: var( --e-global-color-3bc6169 ); color: var(--the7-base-color); letter-spacing: var(--the7-base-letter-spacing); text-transform: var(--the7-base-text-transform); word-spacing: normal;\"><br \/>Nie potrafi\u0119 odpowiedzie\u0107 na to pytanie, TSR jest klasyfikowany jako terapia kr\u00f3tkoterminowa, co to oznacza? \u017be trwa dok\u0142adnie tyle ile osoba bior\u0105ca w niej udzia\u0142 potrzebuj\u0119 i odbywa si\u0119 w takim tempie, na jakie jest gotowa.\u00a0<\/span><span style=\"text-align: var(--text-align); color: var(--the7-base-color); letter-spacing: var(--the7-base-letter-spacing); text-transform: var(--the7-base-text-transform); word-spacing: normal; background-color: var( --e-global-color-3bc6169 );\">Steve de Shazer mawia\u0142: \u201etak d\u0142ugo, jak potrzeba, i ani jednej sesji wi\u0119cej\u201d.<br \/><span style=\"text-align: var(--text-align); background-color: var( --e-global-color-3bc6169 ); color: var(--the7-base-color); letter-spacing: var(--the7-base-letter-spacing); text-transform: var(--the7-base-text-transform); word-spacing: normal;\"><br \/>Je\u015bli pojawily si\u0119 teraz w twojej g\u0142owie pytania lub co\u015b szczeg\u00f3lnie ci\u0119 zaciekawi\u0142o, pami\u0119taj, \u017ce mo\u017cesz mi je zada\u0107 w trakcie spotkania.<br \/><\/span><\/span><\/span><span style=\"color: var(--the7-base-color); letter-spacing: var(--the7-base-letter-spacing); text-align: var(--text-align); text-transform: var(--the7-base-text-transform); word-spacing: normal;\"><br \/><b>Do zobaczenia!<\/b><\/span><\/p><\/li><\/ul>\t\t\t\t\t\t\t\t<\/div>\n\t\t\t\t<\/div>\n\t\t\t\t<div class=\"elementor-element elementor-element-d3fdb39 elementor-align-justify elementor-widget__width-initial elementor-widget elementor-widget-the7_button_widget\" data-id=\"d3fdb39\" data-element_type=\"widget\" data-e-type=\"widget\" data-widget_type=\"the7_button_widget.default\">\n\t\t\t\t<div class=\"elementor-widget-container\">\n\t\t\t\t\t<div class=\"elementor-button-wrapper\"><a href=\"https:\/\/calendly.com\/anna-stepkowska\/tsr_spotkanie-online-50-minut?month=2024-03\" class=\"box-button elementor-button elementor-size-lg\">Um\u00f3w wizyt\u0119 online<\/a><\/div>\t\t\t\t<\/div>\n\t\t\t\t<\/div>\n\t\t\t\t\t<\/div>\n\t\t\t\t<\/div>\n\t\t\t\t\t<\/div>\n\t\t\t\t<\/div>\n\t\t\t\t<\/div>\n\t\t","protected":false},"excerpt":{"rendered":"<p>Pytania Czym jest nurt TSR? Nurt TSR (Terapia Skoncentrowana na Rozwi\u0105zaniach) powsta\u0142 w latach 70 w USA. Jego tw\u00f3rcami byli Steve de Shazer i Insoo Kim Berg. Jest to jedno z niewielu podej\u015b\u0107 w psychoterapii, kt\u00f3re powstawa\u0142o na bazie praktyki, a nie w oparciu o wcze\u015bniej stworzone teorie.\u00a0To, co w moim poczuciu najbardziej odr\u00f3\u017cnia TSR&hellip;<\/p>\n","protected":false},"author":1,"featured_media":0,"parent":1160,"menu_order":0,"comment_status":"closed","ping_status":"closed","template":"elementor_header_footer","meta":{"footnotes":""},"class_list":["post-95488","page","type-page","status-publish","hentry"],"_links":{"self":[{"href":"http:\/\/psychologiazsensem.pl\/index.php?rest_route=\/wp\/v2\/pages\/95488","targetHints":{"allow":["GET"]}}],"collection":[{"href":"http:\/\/psychologiazsensem.pl\/index.php?rest_route=\/wp\/v2\/pages"}],"about":[{"href":"http:\/\/psychologiazsensem.pl\/index.php?rest_route=\/wp\/v2\/types\/page"}],"author":[{"embeddable":true,"href":"http:\/\/psychologiazsensem.pl\/index.php?rest_route=\/wp\/v2\/users\/1"}],"replies":[{"embeddable":true,"href":"http:\/\/psychologiazsensem.pl\/index.php?rest_route=%2Fwp%2Fv2%2Fcomments&post=95488"}],"version-history":[{"count":95,"href":"http:\/\/psychologiazsensem.pl\/index.php?rest_route=\/wp\/v2\/pages\/95488\/revisions"}],"predecessor-version":[{"id":95883,"href":"http:\/\/psychologiazsensem.pl\/index.php?rest_route=\/wp\/v2\/pages\/95488\/revisions\/95883"}],"up":[{"embeddable":true,"href":"http:\/\/psychologiazsensem.pl\/index.php?rest_route=\/wp\/v2\/pages\/1160"}],"wp:attachment":[{"href":"http:\/\/psychologiazsensem.pl\/index.php?rest_route=%2Fwp%2Fv2%2Fmedia&parent=95488"}],"curies":[{"name":"wp","href":"https:\/\/api.w.org\/{rel}","templated":true}]}}